{"id":820,"date":"2024-03-13T17:21:28","date_gmt":"2024-03-13T17:21:28","guid":{"rendered":"https:\/\/www.stg-basel.ch\/geschichte\/"},"modified":"2024-07-09T12:34:36","modified_gmt":"2024-07-09T12:34:36","slug":"histoire","status":"publish","type":"page","link":"https:\/\/www.stg-basel.ch\/fr\/histoire\/","title":{"rendered":"Histoire"},"content":{"rendered":"\t\t<div data-elementor-type=\"wp-page\" data-elementor-id=\"820\" class=\"elementor elementor-820 elementor-473\" data-elementor-post-type=\"page\">\n\t\t\t\t<div class=\"elementor-element elementor-element-55e59e0 singleintroimage-section e-flex e-con-boxed e-con e-parent\" data-id=\"55e59e0\" data-element_type=\"container\" data-e-type=\"container\" data-settings=\"{&quot;background_background&quot;:&quot;classic&quot;}\">\n\t\t\t\t\t<div class=\"e-con-inner\">\n\t\t\t\t<div class=\"elementor-element elementor-element-bf2be92 elementor-widget__width-initial elementor-widget-tablet__width-initial elementor-widget-mobile__width-inherit elementor-widget elementor-widget-text-editor\" data-id=\"bf2be92\" data-element_type=\"widget\" data-e-type=\"widget\" data-widget_type=\"text-editor.default\">\n\t\t\t\t<div class=\"elementor-widget-container\">\n\t\t\t\t\t\t\t\t\t<h1>Votre contact depuis 1906<\/h1>\t\t\t\t\t\t\t\t<\/div>\n\t\t\t\t<\/div>\n\t\t\t\t\t<\/div>\n\t\t\t\t<\/div>\n\t\t<div class=\"elementor-element elementor-element-eed86ac introimagebutton-container e-flex e-con-boxed e-con e-parent\" data-id=\"eed86ac\" data-element_type=\"container\" data-e-type=\"container\">\n\t\t\t\t\t<div class=\"e-con-inner\">\n\t\t\t\t<div class=\"elementor-element elementor-element-d7fcea2 sliderbutton elementor-widget elementor-widget-button\" data-id=\"d7fcea2\" data-element_type=\"widget\" data-e-type=\"widget\" data-widget_type=\"button.default\">\n\t\t\t\t<div class=\"elementor-widget-container\">\n\t\t\t\t\t\t\t\t\t<div class=\"elementor-button-wrapper\">\n\t\t\t\t\t<a class=\"elementor-button elementor-button-link elementor-size-sm\" href=\"https:\/\/www.stg-basel.ch\/fr\/contact\/\">\n\t\t\t\t\t\t<span class=\"elementor-button-content-wrapper\">\n\t\t\t\t\t\t\t\t\t<span class=\"elementor-button-text\">Contact<\/span>\n\t\t\t\t\t<\/span>\n\t\t\t\t\t<\/a>\n\t\t\t\t<\/div>\n\t\t\t\t\t\t\t\t<\/div>\n\t\t\t\t<\/div>\n\t\t\t\t\t<\/div>\n\t\t\t\t<\/div>\n\t\t<section class=\"elementor-element elementor-element-87510f1 e-flex e-con-boxed e-con e-parent\" data-id=\"87510f1\" data-element_type=\"container\" data-e-type=\"container\">\n\t\t\t\t\t<div class=\"e-con-inner\">\n\t\t<div class=\"elementor-element elementor-element-31ac609 e-con-full e-flex elementor-invisible e-con e-child\" data-id=\"31ac609\" data-element_type=\"container\" data-e-type=\"container\" data-settings=\"{&quot;animation&quot;:&quot;fadeInUp&quot;}\">\n\t\t\t\t<div class=\"elementor-element elementor-element-7d6c60b elementor-widget elementor-widget-text-editor\" data-id=\"7d6c60b\" data-element_type=\"widget\" data-e-type=\"widget\" data-widget_type=\"text-editor.default\">\n\t\t\t\t<div class=\"elementor-widget-container\">\n\t\t\t\t\t\t\t\t\t<h1>\u00c0 propos du groupe STG<\/h1><p><strong>Toujours l\u00e0 pour vous au deuxi\u00e8me si\u00e8cle \u2013 s\u00e9curit\u00e9 et continuit\u00e9 depuis 1906<\/strong><\/p><p><strong>2020\/21<br \/><\/strong>Les anciennes filiales ont \u00e9t\u00e9 rendues ind\u00e9pendantes par le biais de rachats respectifs par la direction. Le groupe STG se compose d\u00e9sormais de la Soci\u00e9t\u00e9 Fiduciaire Suisse SA, B\u00e2le, de la Soci\u00e9t\u00e9 Fiduciaire Suisse (Berne) SA, Berne, de la Soci\u00e9t\u00e9 Fiduciaire Suisse (Zurich) SA, Zurich et de STG Revision SA (B\u00e2le, Berne et Zurich).<\/p><p><strong>2018<br \/><\/strong>Le si\u00e8ge de Zurich est transform\u00e9 en une filiale, la Soci\u00e9t\u00e9 Fiduciaire Suisse (Z\u00fcrich) SA. Le groupe de la Soci\u00e9t\u00e9 Fiduciaire Suisse se compose d\u00e9sormais de trois si\u00e8ges sociaux : B\u00e2le, Berne et Zurich.<\/p><p><strong>2013<br \/><\/strong>STG est un nouveau membre de GGI (Geneva Group International). GGI est une alliance d\u2019entreprises ind\u00e9pendantes du secteur fiduciaire. La Soci\u00e9t\u00e9 Fiduciaire Suisse SA est \u00e0 nouveau li\u00e9e \u00e0 un r\u00e9seau international.<\/p><p><strong>2011<br \/><\/strong>Les si\u00e8ges de l\u2019entreprise \u00e0 Lausanne et \u00e0 Gen\u00e8ve sont vendus aux employ\u00e9s. La Soci\u00e9t\u00e9 Fiduciaire Suisse SA est aujourd\u2019hui repr\u00e9sent\u00e9e \u00e0 B\u00e2le (si\u00e8ge social), Berne et Zurich et emploie plus de 33 personnes.<\/p><p><strong>2009<br \/><\/strong>L\u2019entreprise est reprise par un groupe d\u2019investisseurs priv\u00e9s suisses. La soci\u00e9t\u00e9 op\u00e8re d\u00e9sormais sous le nom de Soci\u00e9t\u00e9 Fiduciaire Suisse SA. La Soci\u00e9t\u00e9 Fiduciaire Suisse SA, en tant que soci\u00e9t\u00e9 fiduciaire nationale, est repr\u00e9sent\u00e9e \u00e0 B\u00e2le (si\u00e8ge social), Berne, Fribourg, Gen\u00e8ve, Lausanne, Lugano et Zurich et emploie plus de 50 personnes.<\/p><p><strong>2003<br \/><\/strong>Swiss Life vend STG Holding SA \u00e0 LGT Group, Vaduz.<\/p><p><strong>1998<br \/><\/strong>S\u00e9paration de la soci\u00e9t\u00e9 en une division d\u2019audit avec les divisions de conseil associ\u00e9es, qui fusionnent pour former PricewaterhouseCoopers SA en 1998, et une division fiduciaire, Soci\u00e9t\u00e9 Fiduciaire Suisse et STG Holding SA, qui sont reprises par Rentenanstalt (aujourd\u2019hui Swiss Life).<\/p><p><strong>1991<br \/><\/strong>Rachat de la direction par l\u2019ancienne direction, qui devient associ\u00e9e. Soci\u00e9t\u00e9 Fiduciaire Suisse-Coopers &amp; Lybrand SA devient la nouvelle soci\u00e9t\u00e9 principale.<\/p><p><strong>1959<br \/><\/strong>D\u00e9but de la coop\u00e9ration avec Coopers &amp; Lybrand International (fond\u00e9e en 1957). La Soci\u00e9t\u00e9 Fiduciaire Suisse adh\u00e8re en tant que membre associ\u00e9.<\/p><p><strong>1925<br \/><\/strong>La Soci\u00e9t\u00e9 Fiduciaire Suisse est co-fondatrice de la Chambre Suisse des Auditeurs (aujourd\u2019hui EXPERTSuisse).<\/p><p><strong>1906<br \/><\/strong>Le 20 septembre, la Soci\u00e9t\u00e9 Fiduciaire Suisse est fond\u00e9e \u00e0 B\u00e2le par la Soci\u00e9t\u00e9 de Banque Suisse en tant que premi\u00e8re entreprise du secteur.<\/p>\t\t\t\t\t\t\t\t<\/div>\n\t\t\t\t<\/div>\n\t\t\t\t<\/div>\n\t\t\t\t\t<\/div>\n\t\t\t\t<\/section>\n\t\t<div class=\"elementor-element elementor-element-e344695 e-flex e-con-boxed elementor-invisible e-con e-parent\" data-id=\"e344695\" data-element_type=\"container\" data-e-type=\"container\" data-settings=\"{&quot;animation&quot;:&quot;fadeInUp&quot;}\">\n\t\t\t\t\t<div class=\"e-con-inner\">\n\t\t<div class=\"elementor-element elementor-element-9a32e9d ctasection e-flex e-con-boxed e-con e-child\" data-id=\"9a32e9d\" data-element_type=\"container\" data-e-type=\"container\">\n\t\t\t\t\t<div class=\"e-con-inner\">\n\t\t\t\t<div class=\"elementor-element elementor-element-df3898b elementor-widget-mobile__width-inherit elementor-widget elementor-widget-text-editor\" data-id=\"df3898b\" data-element_type=\"widget\" data-e-type=\"widget\" data-widget_type=\"text-editor.default\">\n\t\t\t\t<div class=\"elementor-widget-container\">\n\t\t\t\t\t\t\t\t\t<p>Avez-vous des questions?<br \/>Souhaitez-vous des conseils?<\/p>\t\t\t\t\t\t\t\t<\/div>\n\t\t\t\t<\/div>\n\t\t\t\t<div class=\"elementor-element elementor-element-d9346b3 elementor-widget-mobile__width-inherit elementor-widget elementor-widget-button\" data-id=\"d9346b3\" data-element_type=\"widget\" data-e-type=\"widget\" data-widget_type=\"button.default\">\n\t\t\t\t<div class=\"elementor-widget-container\">\n\t\t\t\t\t\t\t\t\t<div class=\"elementor-button-wrapper\">\n\t\t\t\t\t<a class=\"elementor-button elementor-button-link elementor-size-sm\" href=\"https:\/\/www.stg-basel.ch\/fr\/contact\/\">\n\t\t\t\t\t\t<span class=\"elementor-button-content-wrapper\">\n\t\t\t\t\t\t\t\t\t<span class=\"elementor-button-text\">Contact<\/span>\n\t\t\t\t\t<\/span>\n\t\t\t\t\t<\/a>\n\t\t\t\t<\/div>\n\t\t\t\t\t\t\t\t<\/div>\n\t\t\t\t<\/div>\n\t\t\t\t\t<\/div>\n\t\t\t\t<\/div>\n\t\t\t\t\t<\/div>\n\t\t\t\t<\/div>\n\t\t\t\t<\/div>\n\t\t","protected":false},"excerpt":{"rendered":"<p>Votre contact depuis 1906 Contact \u00c0 propos du groupe STG Toujours l\u00e0 pour vous au deuxi\u00e8me si\u00e8cle \u2013 s\u00e9curit\u00e9 et continuit\u00e9 depuis 1906 2020\/21Les anciennes filiales ont \u00e9t\u00e9 rendues ind\u00e9pendantes par le biais de rachats respectifs par la direction. Le groupe STG se compose d\u00e9sormais de la Soci\u00e9t\u00e9 Fiduciaire Suisse SA, B\u00e2le, de la Soci\u00e9t\u00e9 [&hellip;]<\/p>\n","protected":false},"author":1,"featured_media":754,"parent":0,"menu_order":0,"comment_status":"closed","ping_status":"closed","template":"","meta":{"_acf_changed":false,"footnotes":""},"class_list":["post-820","page","type-page","status-publish","has-post-thumbnail","hentry"],"acf":[],"yoast_head":"<!-- This site is optimized with the Yoast SEO plugin v27.3 - https:\/\/yoast.com\/product\/yoast-seo-wordpress\/ -->\n<title>Histoire - Schweizerische Treuhandgesellschaft (Basel) AG<\/title>\n<meta name=\"description\" content=\"Histoire \u2013 \u00c0 propos du groupe STG. Toujours l\u00e0 pour vous au deuxi\u00e8me si\u00e8cle \u2013 s\u00e9curit\u00e9 et continuit\u00e9 depuis 1906\" \/>\n<meta name=\"robots\" content=\"index, follow, max-snippet:-1, max-image-preview:large, max-video-preview:-1\" \/>\n<link rel=\"canonical\" href=\"https:\/\/www.stg-basel.ch\/fr\/histoire\/\" \/>\n<meta property=\"og:locale\" content=\"fr_FR\" \/>\n<meta property=\"og:type\" content=\"article\" \/>\n<meta property=\"og:title\" content=\"Histoire - Schweizerische Treuhandgesellschaft (Basel) AG\" \/>\n<meta property=\"og:description\" content=\"Histoire \u2013 \u00c0 propos du groupe STG. Toujours l\u00e0 pour vous au deuxi\u00e8me si\u00e8cle \u2013 s\u00e9curit\u00e9 et continuit\u00e9 depuis 1906\" \/>\n<meta property=\"og:url\" content=\"https:\/\/www.stg-basel.ch\/fr\/histoire\/\" \/>\n<meta property=\"og:site_name\" content=\"Schweizerische Treuhandgesellschaft (Basel) AG\" \/>\n<meta property=\"article:modified_time\" content=\"2024-07-09T12:34:36+00:00\" \/>\n<meta property=\"og:image\" content=\"https:\/\/www.stg-basel.ch\/wp-content\/uploads\/2024\/03\/Schweizerische-Treuhandgesellschaft-Revision-Geschichte.jpg\" \/>\n\t<meta property=\"og:image:width\" content=\"1024\" \/>\n\t<meta property=\"og:image:height\" content=\"683\" \/>\n\t<meta property=\"og:image:type\" content=\"image\/jpeg\" \/>\n<meta name=\"twitter:card\" content=\"summary_large_image\" \/>\n<meta name=\"twitter:label1\" content=\"Dur\u00e9e de lecture estim\u00e9e\" \/>\n\t<meta name=\"twitter:data1\" content=\"2 minutes\" \/>\n<script type=\"application\/ld+json\" class=\"yoast-schema-graph\">{\"@context\":\"https:\\\/\\\/schema.org\",\"@graph\":[{\"@type\":\"WebPage\",\"@id\":\"https:\\\/\\\/www.stg-basel.ch\\\/fr\\\/histoire\\\/\",\"url\":\"https:\\\/\\\/www.stg-basel.ch\\\/fr\\\/histoire\\\/\",\"name\":\"Histoire - Schweizerische Treuhandgesellschaft (Basel) AG\",\"isPartOf\":{\"@id\":\"https:\\\/\\\/www.stg-basel.ch\\\/#website\"},\"primaryImageOfPage\":{\"@id\":\"https:\\\/\\\/www.stg-basel.ch\\\/fr\\\/histoire\\\/#primaryimage\"},\"image\":{\"@id\":\"https:\\\/\\\/www.stg-basel.ch\\\/fr\\\/histoire\\\/#primaryimage\"},\"thumbnailUrl\":\"https:\\\/\\\/www.stg-basel.ch\\\/wp-content\\\/uploads\\\/2024\\\/03\\\/Schweizerische-Treuhandgesellschaft-Revision-Geschichte.jpg\",\"datePublished\":\"2024-03-13T17:21:28+00:00\",\"dateModified\":\"2024-07-09T12:34:36+00:00\",\"description\":\"Histoire \u2013 \u00c0 propos du groupe STG. Toujours l\u00e0 pour vous au deuxi\u00e8me si\u00e8cle \u2013 s\u00e9curit\u00e9 et continuit\u00e9 depuis 1906\",\"breadcrumb\":{\"@id\":\"https:\\\/\\\/www.stg-basel.ch\\\/fr\\\/histoire\\\/#breadcrumb\"},\"inLanguage\":\"fr-FR\",\"potentialAction\":[{\"@type\":\"ReadAction\",\"target\":[\"https:\\\/\\\/www.stg-basel.ch\\\/fr\\\/histoire\\\/\"]}]},{\"@type\":\"ImageObject\",\"inLanguage\":\"fr-FR\",\"@id\":\"https:\\\/\\\/www.stg-basel.ch\\\/fr\\\/histoire\\\/#primaryimage\",\"url\":\"https:\\\/\\\/www.stg-basel.ch\\\/wp-content\\\/uploads\\\/2024\\\/03\\\/Schweizerische-Treuhandgesellschaft-Revision-Geschichte.jpg\",\"contentUrl\":\"https:\\\/\\\/www.stg-basel.ch\\\/wp-content\\\/uploads\\\/2024\\\/03\\\/Schweizerische-Treuhandgesellschaft-Revision-Geschichte.jpg\",\"width\":1024,\"height\":683},{\"@type\":\"BreadcrumbList\",\"@id\":\"https:\\\/\\\/www.stg-basel.ch\\\/fr\\\/histoire\\\/#breadcrumb\",\"itemListElement\":[{\"@type\":\"ListItem\",\"position\":1,\"name\":\"Startseite\",\"item\":\"https:\\\/\\\/www.stg-basel.ch\\\/fr\\\/\"},{\"@type\":\"ListItem\",\"position\":2,\"name\":\"Histoire\"}]},{\"@type\":\"WebSite\",\"@id\":\"https:\\\/\\\/www.stg-basel.ch\\\/#website\",\"url\":\"https:\\\/\\\/www.stg-basel.ch\\\/\",\"name\":\"Schweizerische Treuhandgesellschaft (Basel) AG\",\"description\":\"\",\"publisher\":{\"@id\":\"https:\\\/\\\/www.stg-basel.ch\\\/#organization\"},\"potentialAction\":[{\"@type\":\"SearchAction\",\"target\":{\"@type\":\"EntryPoint\",\"urlTemplate\":\"https:\\\/\\\/www.stg-basel.ch\\\/?s={search_term_string}\"},\"query-input\":{\"@type\":\"PropertyValueSpecification\",\"valueRequired\":true,\"valueName\":\"search_term_string\"}}],\"inLanguage\":\"fr-FR\"},{\"@type\":\"Organization\",\"@id\":\"https:\\\/\\\/www.stg-basel.ch\\\/#organization\",\"name\":\"Schweizerische Treuhandgesellschaft (Basel) AG\",\"url\":\"https:\\\/\\\/www.stg-basel.ch\\\/\",\"logo\":{\"@type\":\"ImageObject\",\"inLanguage\":\"fr-FR\",\"@id\":\"https:\\\/\\\/www.stg-basel.ch\\\/#\\\/schema\\\/logo\\\/image\\\/\",\"url\":\"https:\\\/\\\/www.stg-basel.ch\\\/wp-content\\\/uploads\\\/2024\\\/03\\\/Logo-STG-Basel.svg\",\"contentUrl\":\"https:\\\/\\\/www.stg-basel.ch\\\/wp-content\\\/uploads\\\/2024\\\/03\\\/Logo-STG-Basel.svg\",\"width\":443,\"height\":85,\"caption\":\"Schweizerische Treuhandgesellschaft (Basel) AG\"},\"image\":{\"@id\":\"https:\\\/\\\/www.stg-basel.ch\\\/#\\\/schema\\\/logo\\\/image\\\/\"}}]}<\/script>\n<!-- \/ Yoast SEO plugin. -->","yoast_head_json":{"title":"Histoire - Schweizerische Treuhandgesellschaft (Basel) AG","description":"Histoire \u2013 \u00c0 propos du groupe STG. Toujours l\u00e0 pour vous au deuxi\u00e8me si\u00e8cle \u2013 s\u00e9curit\u00e9 et continuit\u00e9 depuis 1906","robots":{"index":"index","follow":"follow","max-snippet":"max-snippet:-1","max-image-preview":"max-image-preview:large","max-video-preview":"max-video-preview:-1"},"canonical":"https:\/\/www.stg-basel.ch\/fr\/histoire\/","og_locale":"fr_FR","og_type":"article","og_title":"Histoire - Schweizerische Treuhandgesellschaft (Basel) AG","og_description":"Histoire \u2013 \u00c0 propos du groupe STG. Toujours l\u00e0 pour vous au deuxi\u00e8me si\u00e8cle \u2013 s\u00e9curit\u00e9 et continuit\u00e9 depuis 1906","og_url":"https:\/\/www.stg-basel.ch\/fr\/histoire\/","og_site_name":"Schweizerische Treuhandgesellschaft (Basel) AG","article_modified_time":"2024-07-09T12:34:36+00:00","og_image":[{"width":1024,"height":683,"url":"https:\/\/www.stg-basel.ch\/wp-content\/uploads\/2024\/03\/Schweizerische-Treuhandgesellschaft-Revision-Geschichte.jpg","type":"image\/jpeg"}],"twitter_card":"summary_large_image","twitter_misc":{"Dur\u00e9e de lecture estim\u00e9e":"2 minutes"},"schema":{"@context":"https:\/\/schema.org","@graph":[{"@type":"WebPage","@id":"https:\/\/www.stg-basel.ch\/fr\/histoire\/","url":"https:\/\/www.stg-basel.ch\/fr\/histoire\/","name":"Histoire - Schweizerische Treuhandgesellschaft (Basel) AG","isPartOf":{"@id":"https:\/\/www.stg-basel.ch\/#website"},"primaryImageOfPage":{"@id":"https:\/\/www.stg-basel.ch\/fr\/histoire\/#primaryimage"},"image":{"@id":"https:\/\/www.stg-basel.ch\/fr\/histoire\/#primaryimage"},"thumbnailUrl":"https:\/\/www.stg-basel.ch\/wp-content\/uploads\/2024\/03\/Schweizerische-Treuhandgesellschaft-Revision-Geschichte.jpg","datePublished":"2024-03-13T17:21:28+00:00","dateModified":"2024-07-09T12:34:36+00:00","description":"Histoire \u2013 \u00c0 propos du groupe STG. Toujours l\u00e0 pour vous au deuxi\u00e8me si\u00e8cle \u2013 s\u00e9curit\u00e9 et continuit\u00e9 depuis 1906","breadcrumb":{"@id":"https:\/\/www.stg-basel.ch\/fr\/histoire\/#breadcrumb"},"inLanguage":"fr-FR","potentialAction":[{"@type":"ReadAction","target":["https:\/\/www.stg-basel.ch\/fr\/histoire\/"]}]},{"@type":"ImageObject","inLanguage":"fr-FR","@id":"https:\/\/www.stg-basel.ch\/fr\/histoire\/#primaryimage","url":"https:\/\/www.stg-basel.ch\/wp-content\/uploads\/2024\/03\/Schweizerische-Treuhandgesellschaft-Revision-Geschichte.jpg","contentUrl":"https:\/\/www.stg-basel.ch\/wp-content\/uploads\/2024\/03\/Schweizerische-Treuhandgesellschaft-Revision-Geschichte.jpg","width":1024,"height":683},{"@type":"BreadcrumbList","@id":"https:\/\/www.stg-basel.ch\/fr\/histoire\/#breadcrumb","itemListElement":[{"@type":"ListItem","position":1,"name":"Startseite","item":"https:\/\/www.stg-basel.ch\/fr\/"},{"@type":"ListItem","position":2,"name":"Histoire"}]},{"@type":"WebSite","@id":"https:\/\/www.stg-basel.ch\/#website","url":"https:\/\/www.stg-basel.ch\/","name":"Schweizerische Treuhandgesellschaft (Basel) AG","description":"","publisher":{"@id":"https:\/\/www.stg-basel.ch\/#organization"},"potentialAction":[{"@type":"SearchAction","target":{"@type":"EntryPoint","urlTemplate":"https:\/\/www.stg-basel.ch\/?s={search_term_string}"},"query-input":{"@type":"PropertyValueSpecification","valueRequired":true,"valueName":"search_term_string"}}],"inLanguage":"fr-FR"},{"@type":"Organization","@id":"https:\/\/www.stg-basel.ch\/#organization","name":"Schweizerische Treuhandgesellschaft (Basel) AG","url":"https:\/\/www.stg-basel.ch\/","logo":{"@type":"ImageObject","inLanguage":"fr-FR","@id":"https:\/\/www.stg-basel.ch\/#\/schema\/logo\/image\/","url":"https:\/\/www.stg-basel.ch\/wp-content\/uploads\/2024\/03\/Logo-STG-Basel.svg","contentUrl":"https:\/\/www.stg-basel.ch\/wp-content\/uploads\/2024\/03\/Logo-STG-Basel.svg","width":443,"height":85,"caption":"Schweizerische Treuhandgesellschaft (Basel) AG"},"image":{"@id":"https:\/\/www.stg-basel.ch\/#\/schema\/logo\/image\/"}}]}},"_links":{"self":[{"href":"https:\/\/www.stg-basel.ch\/fr\/wp-json\/wp\/v2\/pages\/820","targetHints":{"allow":["GET"]}}],"collection":[{"href":"https:\/\/www.stg-basel.ch\/fr\/wp-json\/wp\/v2\/pages"}],"about":[{"href":"https:\/\/www.stg-basel.ch\/fr\/wp-json\/wp\/v2\/types\/page"}],"author":[{"embeddable":true,"href":"https:\/\/www.stg-basel.ch\/fr\/wp-json\/wp\/v2\/users\/1"}],"replies":[{"embeddable":true,"href":"https:\/\/www.stg-basel.ch\/fr\/wp-json\/wp\/v2\/comments?post=820"}],"version-history":[{"count":5,"href":"https:\/\/www.stg-basel.ch\/fr\/wp-json\/wp\/v2\/pages\/820\/revisions"}],"predecessor-version":[{"id":1131,"href":"https:\/\/www.stg-basel.ch\/fr\/wp-json\/wp\/v2\/pages\/820\/revisions\/1131"}],"wp:featuredmedia":[{"embeddable":true,"href":"https:\/\/www.stg-basel.ch\/fr\/wp-json\/wp\/v2\/media\/754"}],"wp:attachment":[{"href":"https:\/\/www.stg-basel.ch\/fr\/wp-json\/wp\/v2\/media?parent=820"}],"curies":[{"name":"wp","href":"https:\/\/api.w.org\/{rel}","templated":true}]}}