{"id":855,"date":"2024-03-20T15:35:05","date_gmt":"2024-03-20T15:35:05","guid":{"rendered":"https:\/\/www.stg-basel.ch\/karriere\/"},"modified":"2024-07-22T15:36:39","modified_gmt":"2024-07-22T15:36:39","slug":"carriere","status":"publish","type":"page","link":"https:\/\/www.stg-basel.ch\/fr\/carriere\/","title":{"rendered":"Carriere"},"content":{"rendered":"\t\t<div data-elementor-type=\"wp-page\" data-elementor-id=\"855\" class=\"elementor elementor-855 elementor-614\" data-elementor-post-type=\"page\">\n\t\t\t\t<div class=\"elementor-element elementor-element-133647d singleintroimage-section e-flex e-con-boxed e-con e-parent\" data-id=\"133647d\" data-element_type=\"container\" data-e-type=\"container\" data-settings=\"{&quot;background_background&quot;:&quot;classic&quot;}\">\n\t\t\t\t\t<div class=\"e-con-inner\">\n\t\t\t\t<div class=\"elementor-element elementor-element-d8db82d elementor-widget__width-initial elementor-widget-tablet__width-initial elementor-widget-mobile__width-inherit elementor-widget elementor-widget-text-editor\" data-id=\"d8db82d\" data-element_type=\"widget\" data-e-type=\"widget\" data-widget_type=\"text-editor.default\">\n\t\t\t\t<div class=\"elementor-widget-container\">\n\t\t\t\t\t\t\t\t\t<h1>Vous cherchez une nouvelle<br \/>orientation professionnelle ?<\/h1>\t\t\t\t\t\t\t\t<\/div>\n\t\t\t\t<\/div>\n\t\t\t\t\t<\/div>\n\t\t\t\t<\/div>\n\t\t<div class=\"elementor-element elementor-element-602d290 introimagebutton-container e-flex e-con-boxed e-con e-parent\" data-id=\"602d290\" data-element_type=\"container\" data-e-type=\"container\">\n\t\t\t\t\t<div class=\"e-con-inner\">\n\t\t\t\t<div class=\"elementor-element elementor-element-ee2ece6 sliderbutton elementor-widget elementor-widget-button\" data-id=\"ee2ece6\" data-element_type=\"widget\" data-e-type=\"widget\" data-widget_type=\"button.default\">\n\t\t\t\t<div class=\"elementor-widget-container\">\n\t\t\t\t\t\t\t\t\t<div class=\"elementor-button-wrapper\">\n\t\t\t\t\t<a class=\"elementor-button elementor-button-link elementor-size-sm\" href=\"https:\/\/www.stg-basel.ch\/fr\/contact\/\">\n\t\t\t\t\t\t<span class=\"elementor-button-content-wrapper\">\n\t\t\t\t\t\t\t\t\t<span class=\"elementor-button-text\">Contact<\/span>\n\t\t\t\t\t<\/span>\n\t\t\t\t\t<\/a>\n\t\t\t\t<\/div>\n\t\t\t\t\t\t\t\t<\/div>\n\t\t\t\t<\/div>\n\t\t\t\t\t<\/div>\n\t\t\t\t<\/div>\n\t\t<section class=\"elementor-element elementor-element-18c4c28 e-flex e-con-boxed e-con e-parent\" data-id=\"18c4c28\" data-element_type=\"container\" data-e-type=\"container\">\n\t\t\t\t\t<div class=\"e-con-inner\">\n\t\t\t\t<div class=\"elementor-element elementor-element-5ddf848 elementor-widget elementor-widget-leadtext\" data-id=\"5ddf848\" data-element_type=\"widget\" data-e-type=\"widget\" data-widget_type=\"leadtext.default\">\n\t\t\t\t<div class=\"elementor-widget-container\">\n\t\t\t\t\t<div class=\"lead\"><h1><strong>Carri\u00e8re<\/strong><\/h1><p>Vous \u00eates \u00e0 la recherche d\u2019un nouveau d\u00e9fi?<\/p><p>Actuellement, tous les postes sont pourvus. Les candidatures spontan\u00e9es peuvent toutefois \u00eatre envoy\u00e9es \u00e0 tout moment \u00e0 <a href=\"mailto:gerald.steullet@stg-basel.ch\">gerald.steullet@stg-basel.ch<\/a>.<\/p><\/div>\t\t\t\t<\/div>\n\t\t\t\t<\/div>\n\t\t\t\t\t<\/div>\n\t\t\t\t<\/section>\n\t\t<section class=\"elementor-element elementor-element-e990964 bg-grey elementor-hidden-desktop elementor-hidden-tablet elementor-hidden-mobile e-flex e-con-boxed e-con e-parent\" data-id=\"e990964\" data-element_type=\"container\" data-e-type=\"container\">\n\t\t\t\t\t<div class=\"e-con-inner\">\n\t\t\t\t<div class=\"elementor-element elementor-element-8e8880d elementor-widget elementor-widget-text-editor\" data-id=\"8e8880d\" data-element_type=\"widget\" data-e-type=\"widget\" data-widget_type=\"text-editor.default\">\n\t\t\t\t<div class=\"elementor-widget-container\">\n\t\t\t\t\t\t\t\t\t<h3>Postes \u00e0 pourvoir<\/h3>\t\t\t\t\t\t\t\t<\/div>\n\t\t\t\t<\/div>\n\t\t\t\t<div class=\"elementor-element elementor-element-b94b195 elementor-widget elementor-widget-accordion\" data-id=\"b94b195\" data-element_type=\"widget\" data-e-type=\"widget\" data-widget_type=\"accordion.default\">\n\t\t\t\t<div class=\"elementor-widget-container\">\n\t\t\t\t\t\t\t<div class=\"elementor-accordion\">\n\t\t\t\t\t\t\t<div class=\"elementor-accordion-item\">\n\t\t\t\t\t<div id=\"elementor-tab-title-1941\" class=\"elementor-tab-title\" data-tab=\"1\" role=\"button\" aria-controls=\"elementor-tab-content-1941\" aria-expanded=\"false\">\n\t\t\t\t\t\t\t\t\t\t\t\t\t<span class=\"elementor-accordion-icon elementor-accordion-icon-right\" aria-hidden=\"true\">\n\t\t\t\t\t\t\t\t\t\t\t\t\t\t\t<span class=\"elementor-accordion-icon-closed\"><svg class=\"e-font-icon-svg e-fas-plus\" viewBox=\"0 0 448 512\" xmlns=\"http:\/\/www.w3.org\/2000\/svg\"><path d=\"M416 208H272V64c0-17.67-14.33-32-32-32h-32c-17.67 0-32 14.33-32 32v144H32c-17.67 0-32 14.33-32 32v32c0 17.67 14.33 32 32 32h144v144c0 17.67 14.33 32 32 32h32c17.67 0 32-14.33 32-32V304h144c17.67 0 32-14.33 32-32v-32c0-17.67-14.33-32-32-32z\"><\/path><\/svg><\/span>\n\t\t\t\t\t\t\t\t<span class=\"elementor-accordion-icon-opened\"><svg class=\"e-font-icon-svg e-fas-minus\" viewBox=\"0 0 448 512\" xmlns=\"http:\/\/www.w3.org\/2000\/svg\"><path d=\"M416 208H32c-17.67 0-32 14.33-32 32v32c0 17.67 14.33 32 32 32h384c17.67 0 32-14.33 32-32v-32c0-17.67-14.33-32-32-32z\"><\/path><\/svg><\/span>\n\t\t\t\t\t\t\t\t\t\t\t\t\t\t<\/span>\n\t\t\t\t\t\t\t\t\t\t\t\t<a class=\"elementor-accordion-title\" tabindex=\"0\">Collaborateur(trice) administratif(ve) Comptabilit\u00e9 50% - 100%<\/a>\n\t\t\t\t\t<\/div>\n\t\t\t\t\t<div id=\"elementor-tab-content-1941\" class=\"elementor-tab-content elementor-clearfix\" data-tab=\"1\" role=\"region\" aria-labelledby=\"elementor-tab-title-1941\"><p>Pour renforcer notre \u00e9quipe de PME, nous recherchons de suite ou \u00e0 convenir un(e) collaborateur(trice) sp\u00e9cialis\u00e9(e) dans la comptabilit\u00e9 \u00e0 50% \u2013 100%<\/p><p><a href=\"https:\/\/www.stg-basel.ch\/wp-content\/uploads\/2024\/07\/STG-Basel-Inserat-Buchhaltung-1.pdf\" target=\"_blank\" rel=\"noopener\">T\u00e9l\u00e9charger<\/a><\/p><\/div>\n\t\t\t\t<\/div>\n\t\t\t\t\t\t\t<div class=\"elementor-accordion-item\">\n\t\t\t\t\t<div id=\"elementor-tab-title-1942\" class=\"elementor-tab-title\" data-tab=\"2\" role=\"button\" aria-controls=\"elementor-tab-content-1942\" aria-expanded=\"false\">\n\t\t\t\t\t\t\t\t\t\t\t\t\t<span class=\"elementor-accordion-icon elementor-accordion-icon-right\" aria-hidden=\"true\">\n\t\t\t\t\t\t\t\t\t\t\t\t\t\t\t<span class=\"elementor-accordion-icon-closed\"><svg class=\"e-font-icon-svg e-fas-plus\" viewBox=\"0 0 448 512\" xmlns=\"http:\/\/www.w3.org\/2000\/svg\"><path d=\"M416 208H272V64c0-17.67-14.33-32-32-32h-32c-17.67 0-32 14.33-32 32v144H32c-17.67 0-32 14.33-32 32v32c0 17.67 14.33 32 32 32h144v144c0 17.67 14.33 32 32 32h32c17.67 0 32-14.33 32-32V304h144c17.67 0 32-14.33 32-32v-32c0-17.67-14.33-32-32-32z\"><\/path><\/svg><\/span>\n\t\t\t\t\t\t\t\t<span class=\"elementor-accordion-icon-opened\"><svg class=\"e-font-icon-svg e-fas-minus\" viewBox=\"0 0 448 512\" xmlns=\"http:\/\/www.w3.org\/2000\/svg\"><path d=\"M416 208H32c-17.67 0-32 14.33-32 32v32c0 17.67 14.33 32 32 32h384c17.67 0 32-14.33 32-32v-32c0-17.67-14.33-32-32-32z\"><\/path><\/svg><\/span>\n\t\t\t\t\t\t\t\t\t\t\t\t\t\t<\/span>\n\t\t\t\t\t\t\t\t\t\t\t\t<a class=\"elementor-accordion-title\" tabindex=\"0\">Collaborateur\/trice fiduciaire \u00e0 100%<\/a>\n\t\t\t\t\t<\/div>\n\t\t\t\t\t<div id=\"elementor-tab-content-1942\" class=\"elementor-tab-content elementor-clearfix\" data-tab=\"2\" role=\"region\" aria-labelledby=\"elementor-tab-title-1942\"><p>Nous offrons la possibilit\u00e9 d\u2019acqu\u00e9rir une premi\u00e8re exp\u00e9rience professionnelle \u00e0 un(e) jeune dipl\u00f4m\u00e9(e) dans le domaine de la fiduciaire, qui a le go\u00fbt des chiffres et qui a termin\u00e9 son apprentissage avec succ\u00e8s. Pour le 1er ao\u00fbt 2024 ou \u00e0 convenir, nous recherchons un\/e collaborateur\/trice fiduciaire \u00e0 100% pour soutenir notre \u00e9quipe de PME.<\/p><p><a href=\"https:\/\/www.stg-basel.ch\/wp-content\/uploads\/2024\/07\/231030-Inserat_MA_BuHa_Lehrabgaenger-1.pdf\" target=\"_blank\" rel=\"noopener\">T\u00e9l\u00e9charger<\/a><\/p><\/div>\n\t\t\t\t<\/div>\n\t\t\t\t\t\t\t\t<\/div>\n\t\t\t\t\t\t<\/div>\n\t\t\t\t<\/div>\n\t\t\t\t\t<\/div>\n\t\t\t\t<\/section>\n\t\t\t\t<\/div>\n\t\t","protected":false},"excerpt":{"rendered":"<p>Vous cherchez une nouvelleorientation professionnelle ? Contact Carri\u00e8re Vous \u00eates \u00e0 la recherche d\u2019un nouveau d\u00e9fi? Actuellement, tous les postes sont pourvus. Les candidatures spontan\u00e9es peuvent toutefois \u00eatre envoy\u00e9es \u00e0 tout moment \u00e0 gerald.steullet@stg-basel.ch. Postes \u00e0 pourvoir Collaborateur(trice) administratif(ve) Comptabilit\u00e9 50% &#8211; 100% Pour renforcer notre \u00e9quipe de PME, nous recherchons de suite ou \u00e0 [&hellip;]<\/p>\n","protected":false},"author":1,"featured_media":762,"parent":0,"menu_order":0,"comment_status":"closed","ping_status":"closed","template":"","meta":{"_acf_changed":false,"footnotes":""},"class_list":["post-855","page","type-page","status-publish","has-post-thumbnail","hentry"],"acf":[],"yoast_head":"<!-- This site is optimized with the Yoast SEO plugin v27.3 - https:\/\/yoast.com\/product\/yoast-seo-wordpress\/ -->\n<title>Carriere - Schweizerische Treuhandgesellschaft (Basel) AG<\/title>\n<meta name=\"description\" content=\"Vous cherchez une nouvelleorientation professionnelle ?\" \/>\n<meta name=\"robots\" content=\"index, follow, max-snippet:-1, max-image-preview:large, max-video-preview:-1\" \/>\n<link rel=\"canonical\" href=\"https:\/\/www.stg-basel.ch\/fr\/carriere\/\" \/>\n<meta property=\"og:locale\" content=\"fr_FR\" \/>\n<meta property=\"og:type\" content=\"article\" \/>\n<meta property=\"og:title\" content=\"Carriere - Schweizerische Treuhandgesellschaft (Basel) AG\" \/>\n<meta property=\"og:description\" content=\"Vous cherchez une nouvelleorientation professionnelle ?\" \/>\n<meta property=\"og:url\" content=\"https:\/\/www.stg-basel.ch\/fr\/carriere\/\" \/>\n<meta property=\"og:site_name\" content=\"Schweizerische Treuhandgesellschaft (Basel) AG\" \/>\n<meta property=\"article:modified_time\" content=\"2024-07-22T15:36:39+00:00\" \/>\n<meta property=\"og:image\" content=\"https:\/\/www.stg-basel.ch\/wp-content\/uploads\/2024\/03\/Schweizerische-Treuhandgesellschaft-Revision-Impressum-1.jpg\" \/>\n\t<meta property=\"og:image:width\" content=\"1024\" \/>\n\t<meta property=\"og:image:height\" content=\"683\" \/>\n\t<meta property=\"og:image:type\" content=\"image\/jpeg\" \/>\n<meta name=\"twitter:card\" content=\"summary_large_image\" \/>\n<meta name=\"twitter:label1\" content=\"Dur\u00e9e de lecture estim\u00e9e\" \/>\n\t<meta name=\"twitter:data1\" content=\"1 minute\" \/>\n<script type=\"application\/ld+json\" class=\"yoast-schema-graph\">{\"@context\":\"https:\\\/\\\/schema.org\",\"@graph\":[{\"@type\":\"WebPage\",\"@id\":\"https:\\\/\\\/www.stg-basel.ch\\\/fr\\\/carriere\\\/\",\"url\":\"https:\\\/\\\/www.stg-basel.ch\\\/fr\\\/carriere\\\/\",\"name\":\"Carriere - Schweizerische Treuhandgesellschaft (Basel) AG\",\"isPartOf\":{\"@id\":\"https:\\\/\\\/www.stg-basel.ch\\\/#website\"},\"primaryImageOfPage\":{\"@id\":\"https:\\\/\\\/www.stg-basel.ch\\\/fr\\\/carriere\\\/#primaryimage\"},\"image\":{\"@id\":\"https:\\\/\\\/www.stg-basel.ch\\\/fr\\\/carriere\\\/#primaryimage\"},\"thumbnailUrl\":\"https:\\\/\\\/www.stg-basel.ch\\\/wp-content\\\/uploads\\\/2024\\\/03\\\/Schweizerische-Treuhandgesellschaft-Revision-Impressum-1.jpg\",\"datePublished\":\"2024-03-20T15:35:05+00:00\",\"dateModified\":\"2024-07-22T15:36:39+00:00\",\"description\":\"Vous cherchez une nouvelleorientation professionnelle ?\",\"breadcrumb\":{\"@id\":\"https:\\\/\\\/www.stg-basel.ch\\\/fr\\\/carriere\\\/#breadcrumb\"},\"inLanguage\":\"fr-FR\",\"potentialAction\":[{\"@type\":\"ReadAction\",\"target\":[\"https:\\\/\\\/www.stg-basel.ch\\\/fr\\\/carriere\\\/\"]}]},{\"@type\":\"ImageObject\",\"inLanguage\":\"fr-FR\",\"@id\":\"https:\\\/\\\/www.stg-basel.ch\\\/fr\\\/carriere\\\/#primaryimage\",\"url\":\"https:\\\/\\\/www.stg-basel.ch\\\/wp-content\\\/uploads\\\/2024\\\/03\\\/Schweizerische-Treuhandgesellschaft-Revision-Impressum-1.jpg\",\"contentUrl\":\"https:\\\/\\\/www.stg-basel.ch\\\/wp-content\\\/uploads\\\/2024\\\/03\\\/Schweizerische-Treuhandgesellschaft-Revision-Impressum-1.jpg\",\"width\":1024,\"height\":683},{\"@type\":\"BreadcrumbList\",\"@id\":\"https:\\\/\\\/www.stg-basel.ch\\\/fr\\\/carriere\\\/#breadcrumb\",\"itemListElement\":[{\"@type\":\"ListItem\",\"position\":1,\"name\":\"Startseite\",\"item\":\"https:\\\/\\\/www.stg-basel.ch\\\/fr\\\/\"},{\"@type\":\"ListItem\",\"position\":2,\"name\":\"Carriere\"}]},{\"@type\":\"WebSite\",\"@id\":\"https:\\\/\\\/www.stg-basel.ch\\\/#website\",\"url\":\"https:\\\/\\\/www.stg-basel.ch\\\/\",\"name\":\"Schweizerische Treuhandgesellschaft (Basel) AG\",\"description\":\"\",\"publisher\":{\"@id\":\"https:\\\/\\\/www.stg-basel.ch\\\/#organization\"},\"potentialAction\":[{\"@type\":\"SearchAction\",\"target\":{\"@type\":\"EntryPoint\",\"urlTemplate\":\"https:\\\/\\\/www.stg-basel.ch\\\/?s={search_term_string}\"},\"query-input\":{\"@type\":\"PropertyValueSpecification\",\"valueRequired\":true,\"valueName\":\"search_term_string\"}}],\"inLanguage\":\"fr-FR\"},{\"@type\":\"Organization\",\"@id\":\"https:\\\/\\\/www.stg-basel.ch\\\/#organization\",\"name\":\"Schweizerische Treuhandgesellschaft (Basel) AG\",\"url\":\"https:\\\/\\\/www.stg-basel.ch\\\/\",\"logo\":{\"@type\":\"ImageObject\",\"inLanguage\":\"fr-FR\",\"@id\":\"https:\\\/\\\/www.stg-basel.ch\\\/#\\\/schema\\\/logo\\\/image\\\/\",\"url\":\"https:\\\/\\\/www.stg-basel.ch\\\/wp-content\\\/uploads\\\/2024\\\/03\\\/Logo-STG-Basel.svg\",\"contentUrl\":\"https:\\\/\\\/www.stg-basel.ch\\\/wp-content\\\/uploads\\\/2024\\\/03\\\/Logo-STG-Basel.svg\",\"width\":443,\"height\":85,\"caption\":\"Schweizerische Treuhandgesellschaft (Basel) AG\"},\"image\":{\"@id\":\"https:\\\/\\\/www.stg-basel.ch\\\/#\\\/schema\\\/logo\\\/image\\\/\"}}]}<\/script>\n<!-- \/ Yoast SEO plugin. -->","yoast_head_json":{"title":"Carriere - Schweizerische Treuhandgesellschaft (Basel) AG","description":"Vous cherchez une nouvelleorientation professionnelle ?","robots":{"index":"index","follow":"follow","max-snippet":"max-snippet:-1","max-image-preview":"max-image-preview:large","max-video-preview":"max-video-preview:-1"},"canonical":"https:\/\/www.stg-basel.ch\/fr\/carriere\/","og_locale":"fr_FR","og_type":"article","og_title":"Carriere - Schweizerische Treuhandgesellschaft (Basel) AG","og_description":"Vous cherchez une nouvelleorientation professionnelle ?","og_url":"https:\/\/www.stg-basel.ch\/fr\/carriere\/","og_site_name":"Schweizerische Treuhandgesellschaft (Basel) AG","article_modified_time":"2024-07-22T15:36:39+00:00","og_image":[{"width":1024,"height":683,"url":"https:\/\/www.stg-basel.ch\/wp-content\/uploads\/2024\/03\/Schweizerische-Treuhandgesellschaft-Revision-Impressum-1.jpg","type":"image\/jpeg"}],"twitter_card":"summary_large_image","twitter_misc":{"Dur\u00e9e de lecture estim\u00e9e":"1 minute"},"schema":{"@context":"https:\/\/schema.org","@graph":[{"@type":"WebPage","@id":"https:\/\/www.stg-basel.ch\/fr\/carriere\/","url":"https:\/\/www.stg-basel.ch\/fr\/carriere\/","name":"Carriere - Schweizerische Treuhandgesellschaft (Basel) AG","isPartOf":{"@id":"https:\/\/www.stg-basel.ch\/#website"},"primaryImageOfPage":{"@id":"https:\/\/www.stg-basel.ch\/fr\/carriere\/#primaryimage"},"image":{"@id":"https:\/\/www.stg-basel.ch\/fr\/carriere\/#primaryimage"},"thumbnailUrl":"https:\/\/www.stg-basel.ch\/wp-content\/uploads\/2024\/03\/Schweizerische-Treuhandgesellschaft-Revision-Impressum-1.jpg","datePublished":"2024-03-20T15:35:05+00:00","dateModified":"2024-07-22T15:36:39+00:00","description":"Vous cherchez une nouvelleorientation professionnelle ?","breadcrumb":{"@id":"https:\/\/www.stg-basel.ch\/fr\/carriere\/#breadcrumb"},"inLanguage":"fr-FR","potentialAction":[{"@type":"ReadAction","target":["https:\/\/www.stg-basel.ch\/fr\/carriere\/"]}]},{"@type":"ImageObject","inLanguage":"fr-FR","@id":"https:\/\/www.stg-basel.ch\/fr\/carriere\/#primaryimage","url":"https:\/\/www.stg-basel.ch\/wp-content\/uploads\/2024\/03\/Schweizerische-Treuhandgesellschaft-Revision-Impressum-1.jpg","contentUrl":"https:\/\/www.stg-basel.ch\/wp-content\/uploads\/2024\/03\/Schweizerische-Treuhandgesellschaft-Revision-Impressum-1.jpg","width":1024,"height":683},{"@type":"BreadcrumbList","@id":"https:\/\/www.stg-basel.ch\/fr\/carriere\/#breadcrumb","itemListElement":[{"@type":"ListItem","position":1,"name":"Startseite","item":"https:\/\/www.stg-basel.ch\/fr\/"},{"@type":"ListItem","position":2,"name":"Carriere"}]},{"@type":"WebSite","@id":"https:\/\/www.stg-basel.ch\/#website","url":"https:\/\/www.stg-basel.ch\/","name":"Schweizerische Treuhandgesellschaft (Basel) AG","description":"","publisher":{"@id":"https:\/\/www.stg-basel.ch\/#organization"},"potentialAction":[{"@type":"SearchAction","target":{"@type":"EntryPoint","urlTemplate":"https:\/\/www.stg-basel.ch\/?s={search_term_string}"},"query-input":{"@type":"PropertyValueSpecification","valueRequired":true,"valueName":"search_term_string"}}],"inLanguage":"fr-FR"},{"@type":"Organization","@id":"https:\/\/www.stg-basel.ch\/#organization","name":"Schweizerische Treuhandgesellschaft (Basel) AG","url":"https:\/\/www.stg-basel.ch\/","logo":{"@type":"ImageObject","inLanguage":"fr-FR","@id":"https:\/\/www.stg-basel.ch\/#\/schema\/logo\/image\/","url":"https:\/\/www.stg-basel.ch\/wp-content\/uploads\/2024\/03\/Logo-STG-Basel.svg","contentUrl":"https:\/\/www.stg-basel.ch\/wp-content\/uploads\/2024\/03\/Logo-STG-Basel.svg","width":443,"height":85,"caption":"Schweizerische Treuhandgesellschaft (Basel) AG"},"image":{"@id":"https:\/\/www.stg-basel.ch\/#\/schema\/logo\/image\/"}}]}},"_links":{"self":[{"href":"https:\/\/www.stg-basel.ch\/fr\/wp-json\/wp\/v2\/pages\/855","targetHints":{"allow":["GET"]}}],"collection":[{"href":"https:\/\/www.stg-basel.ch\/fr\/wp-json\/wp\/v2\/pages"}],"about":[{"href":"https:\/\/www.stg-basel.ch\/fr\/wp-json\/wp\/v2\/types\/page"}],"author":[{"embeddable":true,"href":"https:\/\/www.stg-basel.ch\/fr\/wp-json\/wp\/v2\/users\/1"}],"replies":[{"embeddable":true,"href":"https:\/\/www.stg-basel.ch\/fr\/wp-json\/wp\/v2\/comments?post=855"}],"version-history":[{"count":5,"href":"https:\/\/www.stg-basel.ch\/fr\/wp-json\/wp\/v2\/pages\/855\/revisions"}],"predecessor-version":[{"id":1450,"href":"https:\/\/www.stg-basel.ch\/fr\/wp-json\/wp\/v2\/pages\/855\/revisions\/1450"}],"wp:featuredmedia":[{"embeddable":true,"href":"https:\/\/www.stg-basel.ch\/fr\/wp-json\/wp\/v2\/media\/762"}],"wp:attachment":[{"href":"https:\/\/www.stg-basel.ch\/fr\/wp-json\/wp\/v2\/media?parent=855"}],"curies":[{"name":"wp","href":"https:\/\/api.w.org\/{rel}","templated":true}]}}